{"id":2148,"date":"2022-10-18T12:20:15","date_gmt":"2022-10-18T10:20:15","guid":{"rendered":"https:\/\/nicopariset.com\/medium-format\/?post_type=product&#038;p=2148"},"modified":"2022-10-18T15:03:16","modified_gmt":"2022-10-18T13:03:16","slug":"medium-format-magazine-septembre-2022","status":"publish","type":"product","link":"https:\/\/nicopariset.com\/medium-format\/produit\/medium-format-magazine-septembre-2022\/","title":{"rendered":"Medium Format Magazine Septembre 2022"},"content":{"rendered":"<p>Le num\u00e9ro de septembre du Medium Format Magazine est maintenant disponible en t\u00e9l\u00e9chargement. \u00c0 l&rsquo;int\u00e9rieur, vous trouverez des \u00e9ditoriaux exclusifs et des images soigneusement s\u00e9lectionn\u00e9es par les meilleurs photographes du monde.<\/p>\n<p>Nous commen\u00e7ons avec l&rsquo;\u00e9ditorial de Michael E. Gordon, \u00ab\u00a0The Inner Landscape\u00a0\u00bb. Cette fois, Michael soul\u00e8ve le dilemme important, mais souvent mal d\u00e9fini, de passer des fondamentaux de la photographie, principalement au sens technique, \u00e0 la sph\u00e8re des beaux-arts. Il \u00e9crit : \u00ab Selon ma d\u00e9finition et aux fins de cet article, le photographe d&rsquo;art synth\u00e9tise l&rsquo;\u00e9v\u00e9nement externe (la chose digne d&rsquo;avoir votre appareil photo point\u00e9 vers lui) avec l&rsquo;\u00e9v\u00e9nement interne (la reconnaissance intuitive d&rsquo;une id\u00e9e ou d&rsquo;un concept li\u00e9 \u00e0 la chose). Le cr\u00e9dit revient \u00e0 Ansel Adams\u2026. Je m&rsquo;attends \u00e0 ce que nous lisons tous cet article encore et encore. Ai-je mentionn\u00e9 des images \u00e9poustouflantes ?!<\/p>\n","protected":false},"excerpt":{"rendered":"<p>Medium-format Magazine :<\/p>\n<p>Septembre 2022<\/p>\n<p>120 pages<\/p>\n<p>&nbsp;<\/p>\n","protected":false},"featured_media":1571,"comment_status":"open","ping_status":"closed","template":"","meta":[],"product_cat":[28],"product_tag":[30],"class_list":{"0":"post-2148","1":"product","2":"type-product","3":"status-publish","4":"has-post-thumbnail","5":"hentry","6":"product_cat-non-classe","7":"product_tag-magazine-septembre","9":"entry","10":"has-media","11":"owp-thumbs-layout-horizontal","12":"owp-btn-normal","13":"owp-tabs-layout-horizontal","14":"has-no-thumbnails","15":"has-product-nav"},"_links":{"self":[{"href":"https:\/\/nicopariset.com\/medium-format\/wp-json\/wp\/v2\/product\/2148","targetHints":{"allow":["GET"]}}],"collection":[{"href":"https:\/\/nicopariset.com\/medium-format\/wp-json\/wp\/v2\/product"}],"about":[{"href":"https:\/\/nicopariset.com\/medium-format\/wp-json\/wp\/v2\/types\/product"}],"replies":[{"embeddable":true,"href":"https:\/\/nicopariset.com\/medium-format\/wp-json\/wp\/v2\/comments?post=2148"}],"version-history":[{"count":2,"href":"https:\/\/nicopariset.com\/medium-format\/wp-json\/wp\/v2\/product\/2148\/revisions"}],"predecessor-version":[{"id":2150,"href":"https:\/\/nicopariset.com\/medium-format\/wp-json\/wp\/v2\/product\/2148\/revisions\/2150"}],"wp:featuredmedia":[{"embeddable":true,"href":"https:\/\/nicopariset.com\/medium-format\/wp-json\/wp\/v2\/media\/1571"}],"wp:attachment":[{"href":"https:\/\/nicopariset.com\/medium-format\/wp-json\/wp\/v2\/media?parent=2148"}],"wp:term":[{"taxonomy":"product_cat","embeddable":true,"href":"https:\/\/nicopariset.com\/medium-format\/wp-json\/wp\/v2\/product_cat?post=2148"},{"taxonomy":"product_tag","embeddable":true,"href":"https:\/\/nicopariset.com\/medium-format\/wp-json\/wp\/v2\/product_tag?post=2148"}],"curies":[{"name":"wp","href":"https:\/\/api.w.org\/{rel}","templated":true}]}}