{"id":35,"date":"2022-10-10T16:25:05","date_gmt":"2022-10-10T14:25:05","guid":{"rendered":"https:\/\/nicopariset.com\/portfolio\/?page_id=35"},"modified":"2023-02-06T09:52:46","modified_gmt":"2023-02-06T08:52:46","slug":"contact","status":"publish","type":"page","link":"https:\/\/nicopariset.com\/portfolio\/contact\/","title":{"rendered":"infos"},"content":{"rendered":"\t\t<div data-elementor-type=\"wp-page\" data-elementor-id=\"35\" class=\"elementor elementor-35\">\n\t\t\t\t\t\t\t\t\t<section class=\"elementor-section elementor-top-section elementor-element elementor-element-d96e82e elementor-section-boxed elementor-section-height-default elementor-section-height-default\" data-id=\"d96e82e\" data-element_type=\"section\">\n\t\t\t\t\t\t<div class=\"elementor-container elementor-column-gap-default\">\n\t\t\t\t\t<div class=\"elementor-column elementor-col-100 elementor-top-column elementor-element elementor-element-2a17957\" data-id=\"2a17957\" data-element_type=\"column\">\n\t\t\t<div class=\"elementor-widget-wrap elementor-element-populated\">\n\t\t\t\t\t\t\t\t<section class=\"elementor-section elementor-inner-section elementor-element elementor-element-b9bdd31 elementor-section-boxed elementor-section-height-default elementor-section-height-default\" data-id=\"b9bdd31\" data-element_type=\"section\">\n\t\t\t\t\t\t<div class=\"elementor-container elementor-column-gap-wider\">\n\t\t\t\t\t<div class=\"elementor-column elementor-col-50 elementor-inner-column elementor-element elementor-element-56e6fae\" data-id=\"56e6fae\" data-element_type=\"column\">\n\t\t\t<div class=\"elementor-widget-wrap elementor-element-populated\">\n\t\t\t\t\t\t\t\t<div class=\"elementor-element elementor-element-ec34adf elementor-widget elementor-widget-text-editor\" data-id=\"ec34adf\" data-element_type=\"widget\" data-widget_type=\"text-editor.default\">\n\t\t\t\t<div class=\"elementor-widget-container\">\n\t\t\t<style>\/*! elementor - v3.7.8 - 02-10-2022 *\/\n.elementor-widget-text-editor.elementor-drop-cap-view-stacked .elementor-drop-cap{background-color:#818a91;color:#fff}.elementor-widget-text-editor.elementor-drop-cap-view-framed .elementor-drop-cap{color:#818a91;border:3px solid;background-color:transparent}.elementor-widget-text-editor:not(.elementor-drop-cap-view-default) .elementor-drop-cap{margin-top:8px}.elementor-widget-text-editor:not(.elementor-drop-cap-view-default) .elementor-drop-cap-letter{width:1em;height:1em}.elementor-widget-text-editor .elementor-drop-cap{float:left;text-align:center;line-height:1;font-size:50px}.elementor-widget-text-editor .elementor-drop-cap-letter{display:inline-block}<\/style>\t\t\t\t<p><span style=\"color: #545454;\">Je suis <span style=\"color: #000000;\"><strong>designer graphique<\/strong><\/span>, bas\u00e9 \u00e0 Besan\u00e7on et Lyon.<\/span><\/p>\n<p><span style=\"color: #545454;\">J&rsquo;ai lanc\u00e9 mon <span style=\"color: #000000;\">activit\u00e9 freelance<\/span> en 2004, suite \u00e0 plusieurs exp\u00e9riences professionnelles en France et au Canada. Dans ce cadre, je con\u00e7ois des identit\u00e9s visuelles et interviens sur<span style=\"color: #000000;\"> tous types de supports<\/span> : imprim\u00e9s ou digitaux.<\/span><\/p>\n<p><span style=\"color: #545454;\">De 2019 \u00e0 2022, j&rsquo;ai travaill\u00e9 au Service de la p\u00e9dagogie de l&rsquo;<span style=\"color: #000000;\">Universit\u00e9 de Franche-Comt\u00e9<\/span>. J&rsquo;ai cr\u00e9\u00e9 et d\u00e9clin\u00e9 l&rsquo;identit\u00e9 visuelle de mon service. J&rsquo;ai \u00e9galement collabor\u00e9 \u00e0 un projet national de plateforme e-learning (didactisation, <span style=\"color: #000000;\">motion design<\/span>).<\/span><\/p>\n<p><span style=\"color: #545454;\">En parall\u00e8le de mon activit\u00e9 de graphiste, je d\u00e9veloppe des projets personnels en <span style=\"color: #000000;\">photographie<\/span>. Depuis peu, je collabore \u00e0 des projets d&rsquo;\u00e9criture et r\u00e9alisation de films documentaires.<\/span><\/p>\t\t\t\t\t\t<\/div>\n\t\t\t\t<\/div>\n\t\t\t\t\t<\/div>\n\t\t<\/div>\n\t\t\t\t<div class=\"elementor-column elementor-col-50 elementor-inner-column elementor-element elementor-element-c578320\" data-id=\"c578320\" data-element_type=\"column\">\n\t\t\t<div class=\"elementor-widget-wrap elementor-element-populated\">\n\t\t\t\t\t\t\t\t<div class=\"elementor-element elementor-element-93190a5 elementor-widget elementor-widget-heading\" data-id=\"93190a5\" data-element_type=\"widget\" data-widget_type=\"heading.default\">\n\t\t\t\t<div class=\"elementor-widget-container\">\n\t\t\t<style>\/*! elementor - v3.7.8 - 02-10-2022 *\/\n.elementor-heading-title{padding:0;margin:0;line-height:1}.elementor-widget-heading .elementor-heading-title[class*=elementor-size-]>a{color:inherit;font-size:inherit;line-height:inherit}.elementor-widget-heading .elementor-heading-title.elementor-size-small{font-size:15px}.elementor-widget-heading .elementor-heading-title.elementor-size-medium{font-size:19px}.elementor-widget-heading .elementor-heading-title.elementor-size-large{font-size:29px}.elementor-widget-heading .elementor-heading-title.elementor-size-xl{font-size:39px}.elementor-widget-heading .elementor-heading-title.elementor-size-xxl{font-size:59px}<\/style><h2 class=\"elementor-heading-title elementor-size-default\">contact<\/h2>\t\t<\/div>\n\t\t\t\t<\/div>\n\t\t\t\t<div class=\"elementor-element elementor-element-1fa5766 elementor-widget-divider--view-line elementor-widget elementor-widget-divider\" data-id=\"1fa5766\" data-element_type=\"widget\" data-widget_type=\"divider.default\">\n\t\t\t\t<div class=\"elementor-widget-container\">\n\t\t\t<style>\/*! elementor - v3.7.8 - 02-10-2022 *\/\n.elementor-widget-divider{--divider-border-style:none;--divider-border-width:1px;--divider-color:#2c2c2c;--divider-icon-size:20px;--divider-element-spacing:10px;--divider-pattern-height:24px;--divider-pattern-size:20px;--divider-pattern-url:none;--divider-pattern-repeat:repeat-x}.elementor-widget-divider .elementor-divider{display:-webkit-box;display:-ms-flexbox;display:flex}.elementor-widget-divider .elementor-divider__text{font-size:15px;line-height:1;max-width:95%}.elementor-widget-divider .elementor-divider__element{margin:0 var(--divider-element-spacing);-ms-flex-negative:0;flex-shrink:0}.elementor-widget-divider .elementor-icon{font-size:var(--divider-icon-size)}.elementor-widget-divider .elementor-divider-separator{display:-webkit-box;display:-ms-flexbox;display:flex;margin:0;direction:ltr}.elementor-widget-divider--view-line_icon .elementor-divider-separator,.elementor-widget-divider--view-line_text .elementor-divider-separator{-webkit-box-align:center;-ms-flex-align:center;align-items:center}.elementor-widget-divider--view-line_icon .elementor-divider-separator:after,.elementor-widget-divider--view-line_icon .elementor-divider-separator:before,.elementor-widget-divider--view-line_text .elementor-divider-separator:after,.elementor-widget-divider--view-line_text .elementor-divider-separator:before{display:block;content:\"\";border-bottom:0;-webkit-box-flex:1;-ms-flex-positive:1;flex-grow:1;border-top:var(--divider-border-width) var(--divider-border-style) var(--divider-color)}.elementor-widget-divider--element-align-left .elementor-divider .elementor-divider-separator>.elementor-divider__svg:first-of-type{-webkit-box-flex:0;-ms-flex-positive:0;flex-grow:0;-ms-flex-negative:100;flex-shrink:100}.elementor-widget-divider--element-align-left .elementor-divider-separator:before{content:none}.elementor-widget-divider--element-align-left .elementor-divider__element{margin-left:0}.elementor-widget-divider--element-align-right .elementor-divider .elementor-divider-separator>.elementor-divider__svg:last-of-type{-webkit-box-flex:0;-ms-flex-positive:0;flex-grow:0;-ms-flex-negative:100;flex-shrink:100}.elementor-widget-divider--element-align-right .elementor-divider-separator:after{content:none}.elementor-widget-divider--element-align-right .elementor-divider__element{margin-right:0}.elementor-widget-divider:not(.elementor-widget-divider--view-line_text):not(.elementor-widget-divider--view-line_icon) .elementor-divider-separator{border-top:var(--divider-border-width) var(--divider-border-style) var(--divider-color)}.elementor-widget-divider--separator-type-pattern{--divider-border-style:none}.elementor-widget-divider--separator-type-pattern.elementor-widget-divider--view-line .elementor-divider-separator,.elementor-widget-divider--separator-type-pattern:not(.elementor-widget-divider--view-line) .elementor-divider-separator:after,.elementor-widget-divider--separator-type-pattern:not(.elementor-widget-divider--view-line) .elementor-divider-separator:before,.elementor-widget-divider--separator-type-pattern:not([class*=elementor-widget-divider--view]) .elementor-divider-separator{width:100%;min-height:var(--divider-pattern-height);-webkit-mask-size:var(--divider-pattern-size) 100%;mask-size:var(--divider-pattern-size) 100%;-webkit-mask-repeat:var(--divider-pattern-repeat);mask-repeat:var(--divider-pattern-repeat);background-color:var(--divider-color);-webkit-mask-image:var(--divider-pattern-url);mask-image:var(--divider-pattern-url)}.elementor-widget-divider--no-spacing{--divider-pattern-size:auto}.elementor-widget-divider--bg-round{--divider-pattern-repeat:round}.rtl .elementor-widget-divider .elementor-divider__text{direction:rtl}.e-container>.elementor-widget-divider{width:var(--container-widget-width,100%);--flex-grow:var(--container-widget-flex-grow,0)}<\/style>\t\t<div class=\"elementor-divider\">\n\t\t\t<span class=\"elementor-divider-separator\">\n\t\t\t\t\t\t<\/span>\n\t\t<\/div>\n\t\t\t\t<\/div>\n\t\t\t\t<\/div>\n\t\t\t\t<div class=\"elementor-element elementor-element-15530f4 elementor-widget elementor-widget-text-editor\" data-id=\"15530f4\" data-element_type=\"widget\" data-widget_type=\"text-editor.default\">\n\t\t\t\t<div class=\"elementor-widget-container\">\n\t\t\t\t\t\t\t<p>Adresse(s) :<\/p><p><span style=\"color: #000000;\">52 rue Dunoir,<\/span><br \/><span style=\"font-size: 14px; color: #000000;\">69003 Lyon<\/span><\/p><p><span style=\"color: #000000;\"><span style=\"font-size: 14px;\">100 rue Battant<br \/><\/span><span style=\"font-size: 14px;\">25000 Besan\u00e7on<\/span><\/span><\/p>\t\t\t\t\t\t<\/div>\n\t\t\t\t<\/div>\n\t\t\t\t<div class=\"elementor-element elementor-element-d23007d elementor-widget-divider--view-line elementor-widget elementor-widget-divider\" data-id=\"d23007d\" data-element_type=\"widget\" data-widget_type=\"divider.default\">\n\t\t\t\t<div class=\"elementor-widget-container\">\n\t\t\t\t\t<div class=\"elementor-divider\">\n\t\t\t<span class=\"elementor-divider-separator\">\n\t\t\t\t\t\t<\/span>\n\t\t<\/div>\n\t\t\t\t<\/div>\n\t\t\t\t<\/div>\n\t\t\t\t<div class=\"elementor-element elementor-element-572a3ba elementor-widget elementor-widget-text-editor\" data-id=\"572a3ba\" data-element_type=\"widget\" data-widget_type=\"text-editor.default\">\n\t\t\t\t<div class=\"elementor-widget-container\">\n\t\t\t\t\t\t\t<p><span style=\"font-size: 14px;\">e-mail : <span style=\"color: #000000;\"><b>nico[at]nicopariset.com<\/b><\/span><\/span><\/p>\t\t\t\t\t\t<\/div>\n\t\t\t\t<\/div>\n\t\t\t\t<div class=\"elementor-element elementor-element-0cd3404 elementor-widget-divider--view-line elementor-widget elementor-widget-divider\" data-id=\"0cd3404\" data-element_type=\"widget\" data-widget_type=\"divider.default\">\n\t\t\t\t<div class=\"elementor-widget-container\">\n\t\t\t\t\t<div class=\"elementor-divider\">\n\t\t\t<span class=\"elementor-divider-separator\">\n\t\t\t\t\t\t<\/span>\n\t\t<\/div>\n\t\t\t\t<\/div>\n\t\t\t\t<\/div>\n\t\t\t\t<div class=\"elementor-element elementor-element-5c306c0 elementor-align-left elementor-widget elementor-widget-button\" data-id=\"5c306c0\" data-element_type=\"widget\" data-widget_type=\"button.default\">\n\t\t\t\t<div class=\"elementor-widget-container\">\n\t\t\t\t\t<div class=\"elementor-button-wrapper\">\n\t\t\t<a href=\"https:\/\/www.instagram.com\/nico___prst\/\" target=\"_blank\" rel=\"nofollow\" class=\"elementor-button-link elementor-button elementor-size-sm\" role=\"button\">\n\t\t\t\t\t\t<span class=\"elementor-button-content-wrapper\">\n\t\t\t\t\t\t<span class=\"elementor-button-text\">Instagram<\/span>\n\t\t<\/span>\n\t\t\t\t\t<\/a>\n\t\t<\/div>\n\t\t\t\t<\/div>\n\t\t\t\t<\/div>\n\t\t\t\t\t<\/div>\n\t\t<\/div>\n\t\t\t\t\t\t\t<\/div>\n\t\t<\/section>\n\t\t\t\t\t<\/div>\n\t\t<\/div>\n\t\t\t\t\t\t\t<\/div>\n\t\t<\/section>\n\t\t\t\t<section class=\"elementor-section elementor-top-section elementor-element elementor-element-20cf7df elementor-section-boxed elementor-section-height-default elementor-section-height-default\" data-id=\"20cf7df\" data-element_type=\"section\">\n\t\t\t\t\t\t<div class=\"elementor-container elementor-column-gap-default\">\n\t\t\t\t\t<div class=\"elementor-column elementor-col-100 elementor-top-column elementor-element elementor-element-5ebfc5f\" data-id=\"5ebfc5f\" data-element_type=\"column\">\n\t\t\t<div class=\"elementor-widget-wrap elementor-element-populated\">\n\t\t\t\t\t\t\t\t<section class=\"elementor-section elementor-inner-section elementor-element elementor-element-0672d2f elementor-section-boxed elementor-section-height-default elementor-section-height-default\" data-id=\"0672d2f\" data-element_type=\"section\">\n\t\t\t\t\t\t<div class=\"elementor-container elementor-column-gap-wider\">\n\t\t\t\t\t<div class=\"elementor-column elementor-col-33 elementor-inner-column elementor-element elementor-element-6208ec7\" data-id=\"6208ec7\" data-element_type=\"column\">\n\t\t\t<div class=\"elementor-widget-wrap elementor-element-populated\">\n\t\t\t\t\t\t\t\t<div class=\"elementor-element elementor-element-91d2fbe elementor-widget elementor-widget-heading\" data-id=\"91d2fbe\" data-element_type=\"widget\" data-widget_type=\"heading.default\">\n\t\t\t\t<div class=\"elementor-widget-container\">\n\t\t\t<h2 class=\"elementor-heading-title elementor-size-default\">sp\u00e9cialit\u00e9s<\/h2>\t\t<\/div>\n\t\t\t\t<\/div>\n\t\t\t\t<div class=\"elementor-element elementor-element-b93b849 elementor-widget elementor-widget-text-editor\" data-id=\"b93b849\" data-element_type=\"widget\" data-widget_type=\"text-editor.default\">\n\t\t\t\t<div class=\"elementor-widget-container\">\n\t\t\t\t\t\t\t<p><span style=\"font-size: 14px; color: #000000;\">identit\u00e9s visuelles et direction artistique<\/span><strong><span style=\"font-size: 14px; color: var( --e-global-color-text );\"><br \/><\/span><span style=\"font-size: 14px; color: #000000;\">branding, logotypes &amp; custom fonts<\/span><\/strong><\/p><p>PRINT :<br \/>&#8211; <span style=\"color: #000000;\">design \u00e9ditorial :<\/span> catalogues, brochures &amp; magazines<br \/><span style=\"font-size: 14px; color: var( --e-global-color-text );\">&#8211; <span style=\"color: #000000;\">posters<\/span> , flyers &amp; affiches grands formats<br \/><\/span><span style=\"font-size: 14px; color: var( --e-global-color-text );\">&#8211; <span style=\"color: #000000;\">visual merchandising :<\/span> habillages de stands, PLV<\/span><\/p><p>MULTIMEDIA :<br \/><span style=\"font-size: 14px; color: var( --e-global-color-text );\">&#8211; <span style=\"color: #000000;\">motion design<\/span> 2D<br \/><\/span><span style=\"color: var( --e-global-color-text ); font-size: 14px;\"><span style=\"color: #000000;\">&#8211; vid\u00e9o :<\/span> montage &amp; retouches, photographie<br \/><\/span><span style=\"font-size: 14px; color: var( --e-global-color-text );\"><span style=\"color: #000000;\">&#8211; web design<\/span>, campagnes RS<\/span><\/p>\t\t\t\t\t\t<\/div>\n\t\t\t\t<\/div>\n\t\t\t\t\t<\/div>\n\t\t<\/div>\n\t\t\t\t<div class=\"elementor-column elementor-col-33 elementor-inner-column elementor-element elementor-element-baf6baf\" data-id=\"baf6baf\" data-element_type=\"column\">\n\t\t\t<div class=\"elementor-widget-wrap elementor-element-populated\">\n\t\t\t\t\t\t\t\t<div class=\"elementor-element elementor-element-cac5482 elementor-widget elementor-widget-heading\" data-id=\"cac5482\" data-element_type=\"widget\" data-widget_type=\"heading.default\">\n\t\t\t\t<div class=\"elementor-widget-container\">\n\t\t\t<h2 class=\"elementor-heading-title elementor-size-default\">cursus<\/h2>\t\t<\/div>\n\t\t\t\t<\/div>\n\t\t\t\t<div class=\"elementor-element elementor-element-671df02 elementor-widget elementor-widget-text-editor\" data-id=\"671df02\" data-element_type=\"widget\" data-widget_type=\"text-editor.default\">\n\t\t\t\t<div class=\"elementor-widget-container\">\n\t\t\t\t\t\t\t<p><span style=\"color: #808080;\">2022 &gt; 2023 (5 mois)<br \/><\/span><span style=\"color: #000000;\">FORMATION COMMUNICATION GRAPHIQUE\u00a0<\/span><span style=\"font-size: 14px;\"><span style=\"color: #000000;\">&amp; DIGITALE<br \/><\/span><\/span><span style=\"color: #808080; font-size: 14px;\">Webdesign, strat\u00e9gie RS, vid\u00e9o &amp; motion design<br \/><\/span><span style=\"color: #808080; font-size: 14px;\">Formagraph, Besan\u00e7on<\/span><\/p><p><span style=\"color: #808080;\">2000 &gt; 2002<br \/><\/span><span style=\"color: #000000;\">BTS ARTS APPLIQU\u00c9S\u00a0<br \/><\/span><span style=\"color: #808080; font-size: 14px;\"><span style=\"color: #000000;\">COMMUNICATION VISUELLE\u00a0<\/span><br \/><\/span><span style=\"color: #808080; font-size: 14px;\">Options : graphisme, \u00e9dition, publicit\u00e9<\/span><\/p><p><span style=\"color: #808080;\">1999 &gt; 2000<br \/><\/span><span style=\"color: #000000;\"><span style=\"font-size: 14px;\">M.<\/span><span style=\"font-family: komet, sans-serif; font-size: 14px; font-style: normal; font-variant-ligatures: normal; font-variant-caps: normal; font-weight: 400;\">A.<\/span><span style=\"font-size: 14px;\">N.A.A.\u00a0<br \/><\/span><\/span><span style=\"font-size: 14px; color: #808080;\">\u00c9cole sup\u00e9rieure\u00a0<\/span><span style=\"font-size: 14px; color: #808080;\">d\u2019Arts Appliqu\u00e9s Duperr\u00e9, Paris<\/span><\/p><p><span style=\"color: #808080;\">1997 &gt; 1998<br \/><\/span><span style=\"color: #808080; font-size: 14px;\"><span style=\"color: #000000;\">Institut Sup\u00e9rieur des Beaux Arts<\/span>,<br \/><\/span><span style=\"color: #808080; font-size: 14px;\">Besan\u00e7on, France<\/span><\/p>\t\t\t\t\t\t<\/div>\n\t\t\t\t<\/div>\n\t\t\t\t<div class=\"elementor-element elementor-element-c2d1128 elementor-widget elementor-widget-button\" data-id=\"c2d1128\" data-element_type=\"widget\" data-widget_type=\"button.default\">\n\t\t\t\t<div class=\"elementor-widget-container\">\n\t\t\t\t\t<div class=\"elementor-button-wrapper\">\n\t\t\t<a href=\"https:\/\/nicopariset.com\/portfolio\/NicolasPariset_CV.pdf\" target=\"_blank\" class=\"elementor-button-link elementor-button elementor-size-sm\" role=\"button\">\n\t\t\t\t\t\t<span class=\"elementor-button-content-wrapper\">\n\t\t\t\t\t\t<span class=\"elementor-button-text\">voir le CV complet<\/span>\n\t\t<\/span>\n\t\t\t\t\t<\/a>\n\t\t<\/div>\n\t\t\t\t<\/div>\n\t\t\t\t<\/div>\n\t\t\t\t\t<\/div>\n\t\t<\/div>\n\t\t\t\t<div class=\"elementor-column elementor-col-33 elementor-inner-column elementor-element elementor-element-7a5aecb\" data-id=\"7a5aecb\" data-element_type=\"column\">\n\t\t\t<div class=\"elementor-widget-wrap elementor-element-populated\">\n\t\t\t\t\t\t\t\t<div class=\"elementor-element elementor-element-9004b75 elementor-widget elementor-widget-heading\" data-id=\"9004b75\" data-element_type=\"widget\" data-widget_type=\"heading.default\">\n\t\t\t\t<div class=\"elementor-widget-container\">\n\t\t\t<h2 class=\"elementor-heading-title elementor-size-default\">clients<\/h2>\t\t<\/div>\n\t\t\t\t<\/div>\n\t\t\t\t<div class=\"elementor-element elementor-element-a21f489 elementor-widget elementor-widget-text-editor\" data-id=\"a21f489\" data-element_type=\"widget\" data-widget_type=\"text-editor.default\">\n\t\t\t\t<div class=\"elementor-widget-container\">\n\t\t\t\t\t\t\t<p><span style=\"color: #808080; font-size: 14px;\">Clients :\u00a0<\/span><span style=\"color: #000000;\">Bleu Libellule \/ CSP Logistics, Comtoo Solutions, Olang, Hooper Shoes, LessIsMore, Domaine Saint-Pierre de Trapel, Divin D&rsquo;Oc, Bombing Science, Midband&#8230;<\/span><\/p>\t\t\t\t\t\t<\/div>\n\t\t\t\t<\/div>\n\t\t\t\t<div class=\"elementor-element elementor-element-ebb1011 elementor-widget elementor-widget-text-editor\" data-id=\"ebb1011\" data-element_type=\"widget\" data-widget_type=\"text-editor.default\">\n\t\t\t\t<div class=\"elementor-widget-container\">\n\t\t\t\t\t\t\t<p><span style=\"color: #808080;\">Pour l\u2019agence SMART&amp;GEEK (Paris)<br \/><\/span><span style=\"color: #808080; font-size: 14px;\">Clients : <span style=\"color: #000000;\">Thales, SNCF, Parrot, Total F1, FFF, Safran, Mazars RH&#8230;<\/span><\/span><\/p><p><span style=\"color: #808080;\">Pour AGENCE 50A (Paris)<br \/><\/span><span style=\"color: #808080; font-size: 14px;\">Clients : <span style=\"color: #000000;\">Ch\u00e2teau Seguin, Soci\u00e9t\u00e9 G\u00e9n\u00e9rale<\/span><\/span><\/p><p>Pour Leonard Multimedia (Lyon)<br \/>Clients :\u00a0<span style=\"color: #000000;\">Oztyle,\u00a0<span style=\"font-family: komet, sans-serif; font-size: 14px; font-style: normal; font-variant-ligatures: normal; font-variant-caps: normal;\">Make a Wish France, Jacques Langel Architecte<\/span><\/span><\/p>\t\t\t\t\t\t<\/div>\n\t\t\t\t<\/div>\n\t\t\t\t\t<\/div>\n\t\t<\/div>\n\t\t\t\t\t\t\t<\/div>\n\t\t<\/section>\n\t\t\t\t\t<\/div>\n\t\t<\/div>\n\t\t\t\t\t\t\t<\/div>\n\t\t<\/section>\n\t\t\t\t\t\t\t<\/div>\n\t\t","protected":false},"excerpt":{"rendered":"<p>Je suis designer graphique, bas\u00e9 \u00e0 Besan\u00e7on et Lyon. J&rsquo;ai lanc\u00e9 mon activit\u00e9 freelance en 2004, suite \u00e0 plusieurs exp\u00e9riences professionnelles en France et au Canada. Dans ce cadre, je con\u00e7ois des identit\u00e9s visuelles et interviens sur tous types de supports : imprim\u00e9s ou digitaux. De 2019 \u00e0 2022, j&rsquo;ai travaill\u00e9 au Service de la [&hellip;]<\/p>\n","protected":false},"author":1,"featured_media":0,"parent":0,"menu_order":0,"comment_status":"closed","ping_status":"closed","template":"","meta":{"_vp_format_video_url":"","_vp_image_focal_point":[],"footnotes":""},"class_list":["post-35","page","type-page","status-publish","hentry","entry"],"_links":{"self":[{"href":"https:\/\/nicopariset.com\/portfolio\/wp-json\/wp\/v2\/pages\/35","targetHints":{"allow":["GET"]}}],"collection":[{"href":"https:\/\/nicopariset.com\/portfolio\/wp-json\/wp\/v2\/pages"}],"about":[{"href":"https:\/\/nicopariset.com\/portfolio\/wp-json\/wp\/v2\/types\/page"}],"author":[{"embeddable":true,"href":"https:\/\/nicopariset.com\/portfolio\/wp-json\/wp\/v2\/users\/1"}],"replies":[{"embeddable":true,"href":"https:\/\/nicopariset.com\/portfolio\/wp-json\/wp\/v2\/comments?post=35"}],"version-history":[{"count":156,"href":"https:\/\/nicopariset.com\/portfolio\/wp-json\/wp\/v2\/pages\/35\/revisions"}],"predecessor-version":[{"id":4117,"href":"https:\/\/nicopariset.com\/portfolio\/wp-json\/wp\/v2\/pages\/35\/revisions\/4117"}],"wp:attachment":[{"href":"https:\/\/nicopariset.com\/portfolio\/wp-json\/wp\/v2\/media?parent=35"}],"curies":[{"name":"wp","href":"https:\/\/api.w.org\/{rel}","templated":true}]}}